{"id":44,"date":"2024-05-19T12:38:56","date_gmt":"2024-05-19T12:38:56","guid":{"rendered":"http:\/\/www.adanadogalparkasm.com.tr\/?page_id=44"},"modified":"2024-05-19T12:38:56","modified_gmt":"2024-05-19T12:38:56","slug":"hakkimizda","status":"publish","type":"page","link":"https:\/\/www.adanadogalparkasm.com.tr\/?page_id=44","title":{"rendered":"Hakk\u0131m\u0131zda"},"content":{"rendered":"\n<ul>\n<li><strong>Do\u011fal Park ASM<\/strong><\/li>\n<\/ul>\n\n\n\n<p>      Do\u011fal Park Aile Sa\u011fl\u0131\u011f\u0131 Merkezi 2008 y\u0131l\u0131 Haziran ay\u0131 itibari ile vatanda\u015flar\u0131m\u0131za sa\u011fl\u0131k hizmeti vermeye ba\u015flam\u0131\u015ft\u0131r. 2008 y\u0131l\u0131 Haziran ay\u0131nda Adana da aile hekimli\u011fi uygulamas\u0131n\u0131n ba\u015flamas\u0131yla beraber hizmetine devam etmeye ba\u015flam\u0131\u015ft\u0131r.<\/p>\n\n\n\n<p>      Do\u011fal Park Aile Sa\u011fl\u0131\u011f\u0131 Merkezi halen ikisi aile hekimi uzman\u0131 olmak \u00fczere\u00a07 aile hekimi, 7 aile sa\u011fl\u0131\u011f\u0131 \u00e7al\u0131\u015fan\u0131, 3 yard\u0131mc\u0131 sa\u011fl\u0131k personeli ebe\/hem\u015fire ve 2 temizlik personeli olmak \u00fczere 19 ki\u015fi ile yakla\u015f\u0131k 35.000 n\u00fcfusa hizmet vermektedir. \u00a0 <\/p>\n\n\n\n<p>      Aile sa\u011fl\u0131\u011f\u0131 merkezimizde, yenido\u011fan ve bebeklerin izlemleri ve a\u015f\u0131lamalar\u0131, yenido\u011fan do\u011fumsal hastal\u0131k taramalar\u0131, kal\u0131tsal kan hastal\u0131klar\u0131 dan\u0131\u015fmanl\u0131k hizmetleri, kad\u0131n izlemleri, gebe izlemleri, lohusa izlemleri, bebeklere ve gebelere D vitamini ve demir vitamini deste\u011fi, eri\u015fkin a\u015f\u0131lamalar\u0131, kronik hastal\u0131k takibi, kad\u0131n ve erkek kanser taramalar\u0131, obezite ile m\u00fccadele, ruh sa\u011fl\u0131\u011f\u0131 izlemleri, do\u011frudan g\u00f6zetim tedavi hizmeti, poliklinik ve laboratuvar hizmetleri verilmektedir.<\/p>\n","protected":false},"excerpt":{"rendered":"<p>Do\u011fal Park Aile Sa\u011fl\u0131\u011f\u0131 Merkezi 2008 y\u0131l\u0131 Haziran ay\u0131 itibari ile vatanda\u015flar\u0131m\u0131za sa\u011fl\u0131k hizmeti vermeye ba\u015flam\u0131\u015ft\u0131r. 2008 y\u0131l\u0131 Haziran ay\u0131nda Adana da aile hekimli\u011fi uygulamas\u0131n\u0131n ba\u015flamas\u0131yla beraber hizmetine devam etmeye ba\u015flam\u0131\u015ft\u0131r. Do\u011fal Park Aile Sa\u011fl\u0131\u011f\u0131 Merkezi halen ikisi aile hekimi uzman\u0131 olmak \u00fczere\u00a07 aile hekimi, 7 aile sa\u011fl\u0131\u011f\u0131 \u00e7al\u0131\u015fan\u0131, 3 yard\u0131mc\u0131 sa\u011fl\u0131k personeli ebe\/hem\u015fire ve [&hellip;]<\/p>\n","protected":false},"author":1,"featured_media":0,"parent":0,"menu_order":0,"comment_status":"closed","ping_status":"closed","template":"","meta":{"footnotes":"[]"},"_links":{"self":[{"href":"https:\/\/www.adanadogalparkasm.com.tr\/index.php?rest_route=\/wp\/v2\/pages\/44"}],"collection":[{"href":"https:\/\/www.adanadogalparkasm.com.tr\/index.php?rest_route=\/wp\/v2\/pages"}],"about":[{"href":"https:\/\/www.adanadogalparkasm.com.tr\/index.php?rest_route=\/wp\/v2\/types\/page"}],"author":[{"embeddable":true,"href":"https:\/\/www.adanadogalparkasm.com.tr\/index.php?rest_route=\/wp\/v2\/users\/1"}],"replies":[{"embeddable":true,"href":"https:\/\/www.adanadogalparkasm.com.tr\/index.php?rest_route=%2Fwp%2Fv2%2Fcomments&post=44"}],"version-history":[{"count":1,"href":"https:\/\/www.adanadogalparkasm.com.tr\/index.php?rest_route=\/wp\/v2\/pages\/44\/revisions"}],"predecessor-version":[{"id":45,"href":"https:\/\/www.adanadogalparkasm.com.tr\/index.php?rest_route=\/wp\/v2\/pages\/44\/revisions\/45"}],"wp:attachment":[{"href":"https:\/\/www.adanadogalparkasm.com.tr\/index.php?rest_route=%2Fwp%2Fv2%2Fmedia&parent=44"}],"curies":[{"name":"wp","href":"https:\/\/api.w.org\/{rel}","templated":true}]}}