{"id":47,"date":"2024-05-19T12:40:24","date_gmt":"2024-05-19T12:40:24","guid":{"rendered":"http:\/\/www.adanadogalparkasm.com.tr\/?page_id=47"},"modified":"2026-02-09T11:32:35","modified_gmt":"2026-02-09T11:32:35","slug":"kadromuz","status":"publish","type":"page","link":"https:\/\/www.adanadogalparkasm.com.tr\/?page_id=47","title":{"rendered":"Kadromuz"},"content":{"rendered":"\n<figure class=\"wp-block-table\"><table><tbody><tr><td class=\"has-text-align-center\" data-align=\"center\"><strong><em>DOKTORLAR<\/em><\/strong><\/td><td class=\"has-text-align-center\" data-align=\"center\"><strong><em>EBELER<\/em><\/strong><\/td><td class=\"has-text-align-center\" data-align=\"center\"><strong><em>TELEFON<\/em><\/strong><\/td><\/tr><tr><td class=\"has-text-align-center\" data-align=\"center\">Uzm. Dr. \u00d6zge ORHAN \u00d6ZG\u00dcL<\/td><td class=\"has-text-align-center\" data-align=\"center\">\u00d6zlem \u015eAH\u0130N<\/td><td class=\"has-text-align-center\" data-align=\"center\">0552 826 99 36<\/td><\/tr><tr><td class=\"has-text-align-center\" data-align=\"center\">Uzm. Dr. Esra YILDIZ <\/td><td class=\"has-text-align-center\" data-align=\"center\">Halide \u0130NC\u0130<\/td><td class=\"has-text-align-center\" data-align=\"center\">0541 714 70 43<\/td><\/tr><tr><td class=\"has-text-align-center\" data-align=\"center\">Dr. Halil \u0130brahim AKPOLAT<\/td><td class=\"has-text-align-center\" data-align=\"center\">Bet\u00fcl \u00dcNG\u00d6R<\/td><td class=\"has-text-align-center\" data-align=\"center\">0532 551 41 90<\/td><\/tr><tr><td class=\"has-text-align-center\" data-align=\"center\">Dr. G\u00f6ktan \u00c7ELEB\u0130  <\/td><td class=\"has-text-align-center\" data-align=\"center\">Emine TA\u015eALAN<\/td><td class=\"has-text-align-center\" data-align=\"center\">0530 835 62 32<\/td><\/tr><tr><td class=\"has-text-align-center\" data-align=\"center\">Dr. Selim SO\u011eANCI<\/td><td class=\"has-text-align-center\" data-align=\"center\">Ay\u015fe ERDEM<\/td><td class=\"has-text-align-center\" data-align=\"center\">0532 704 68 98<\/td><\/tr><tr><td class=\"has-text-align-center\" data-align=\"center\">Dr. Kas\u0131m \u00d6ZEL <\/td><td class=\"has-text-align-center\" data-align=\"center\">Meryem S\u0130NEN<\/td><td class=\"has-text-align-center\" data-align=\"center\">0531 104 09 89 <\/td><\/tr><tr><td class=\"has-text-align-center\" data-align=\"center\">Dr. Mustafa KARAT <\/td><td class=\"has-text-align-center\" data-align=\"center\">\u00d6zlem \u015eAH\u0130N    <\/td><td class=\"has-text-align-center\" data-align=\"center\">0544 743 43 28<\/td><\/tr><\/tbody><\/table><\/figure>\n","protected":false},"excerpt":{"rendered":"<p>DOKTORLAR EBELER TELEFON Uzm. Dr. \u00d6zge ORHAN \u00d6ZG\u00dcL \u00d6zlem \u015eAH\u0130N 0552 826 99 36 Uzm. Dr. Esra YILDIZ Halide \u0130NC\u0130 0541 714 70 43 Dr. Halil \u0130brahim AKPOLAT Bet\u00fcl \u00dcNG\u00d6R 0532 551 41 90 Dr. G\u00f6ktan \u00c7ELEB\u0130 Emine TA\u015eALAN 0530 835 62 32 Dr. Selim SO\u011eANCI Ay\u015fe ERDEM 0532 704 68 98 Dr. Kas\u0131m \u00d6ZEL [&hellip;]<\/p>\n","protected":false},"author":1,"featured_media":0,"parent":0,"menu_order":0,"comment_status":"closed","ping_status":"closed","template":"","meta":{"footnotes":""},"_links":{"self":[{"href":"https:\/\/www.adanadogalparkasm.com.tr\/index.php?rest_route=\/wp\/v2\/pages\/47"}],"collection":[{"href":"https:\/\/www.adanadogalparkasm.com.tr\/index.php?rest_route=\/wp\/v2\/pages"}],"about":[{"href":"https:\/\/www.adanadogalparkasm.com.tr\/index.php?rest_route=\/wp\/v2\/types\/page"}],"author":[{"embeddable":true,"href":"https:\/\/www.adanadogalparkasm.com.tr\/index.php?rest_route=\/wp\/v2\/users\/1"}],"replies":[{"embeddable":true,"href":"https:\/\/www.adanadogalparkasm.com.tr\/index.php?rest_route=%2Fwp%2Fv2%2Fcomments&post=47"}],"version-history":[{"count":6,"href":"https:\/\/www.adanadogalparkasm.com.tr\/index.php?rest_route=\/wp\/v2\/pages\/47\/revisions"}],"predecessor-version":[{"id":3087,"href":"https:\/\/www.adanadogalparkasm.com.tr\/index.php?rest_route=\/wp\/v2\/pages\/47\/revisions\/3087"}],"wp:attachment":[{"href":"https:\/\/www.adanadogalparkasm.com.tr\/index.php?rest_route=%2Fwp%2Fv2%2Fmedia&parent=47"}],"curies":[{"name":"wp","href":"https:\/\/api.w.org\/{rel}","templated":true}]}}