{"id":49,"date":"2024-05-19T12:40:31","date_gmt":"2024-05-19T12:40:31","guid":{"rendered":"http:\/\/www.adanadogalparkasm.com.tr\/?page_id=49"},"modified":"2024-05-19T15:43:35","modified_gmt":"2024-05-19T15:43:35","slug":"sikca-sorulanlar","status":"publish","type":"page","link":"https:\/\/www.adanadogalparkasm.com.tr\/?page_id=49","title":{"rendered":"S\u0131k\u00e7a Sorulanlar"},"content":{"rendered":"\n<p><a href=\"https:\/\/covid19.saglik.gov.tr\/TR-66301\/covid-19-rehberi.html\">Sa\u011fl\u0131k Bakanl\u0131\u011f\u0131 Covid-19 Rehberi<\/a><\/p>\n","protected":false},"excerpt":{"rendered":"<p>Sa\u011fl\u0131k Bakanl\u0131\u011f\u0131 Covid-19 Rehberi<\/p>\n","protected":false},"author":1,"featured_media":0,"parent":0,"menu_order":0,"comment_status":"closed","ping_status":"closed","template":"","meta":{"footnotes":""},"_links":{"self":[{"href":"https:\/\/www.adanadogalparkasm.com.tr\/index.php?rest_route=\/wp\/v2\/pages\/49"}],"collection":[{"href":"https:\/\/www.adanadogalparkasm.com.tr\/index.php?rest_route=\/wp\/v2\/pages"}],"about":[{"href":"https:\/\/www.adanadogalparkasm.com.tr\/index.php?rest_route=\/wp\/v2\/types\/page"}],"author":[{"embeddable":true,"href":"https:\/\/www.adanadogalparkasm.com.tr\/index.php?rest_route=\/wp\/v2\/users\/1"}],"replies":[{"embeddable":true,"href":"https:\/\/www.adanadogalparkasm.com.tr\/index.php?rest_route=%2Fwp%2Fv2%2Fcomments&post=49"}],"version-history":[{"count":2,"href":"https:\/\/www.adanadogalparkasm.com.tr\/index.php?rest_route=\/wp\/v2\/pages\/49\/revisions"}],"predecessor-version":[{"id":3061,"href":"https:\/\/www.adanadogalparkasm.com.tr\/index.php?rest_route=\/wp\/v2\/pages\/49\/revisions\/3061"}],"wp:attachment":[{"href":"https:\/\/www.adanadogalparkasm.com.tr\/index.php?rest_route=%2Fwp%2Fv2%2Fmedia&parent=49"}],"curies":[{"name":"wp","href":"https:\/\/api.w.org\/{rel}","templated":true}]}}