{"id":69,"date":"2024-05-19T12:35:40","date_gmt":"2024-05-19T12:35:40","guid":{"rendered":"http:\/\/www.adanadogalparkasm.com.tr\/?page_id=69"},"modified":"2024-05-19T12:35:40","modified_gmt":"2024-05-19T12:35:40","slug":"iletisim","status":"publish","type":"page","link":"https:\/\/www.adanadogalparkasm.com.tr\/?page_id=69","title":{"rendered":"\u0130leti\u015fim"},"content":{"rendered":"<iframe src=\"https:\/\/www.google.com\/maps\/embed?pb=!1m18!1m12!1m3!1d796.1049221996575!2d35.291721487846466!3d37.04748072595646!2m3!1f0!2f0!3f0!3m2!1i1024!2i768!4f13.1!3m3!1m2!1s0x1528893763d29fc3%3A0x8d2da08b44ee49a9!2zRG_En2FsIFBhcmsgU2HEn2zEsWsgT2NhxJ_EsQ!5e0!3m2!1str!2str!4v1715729073037!5m2!1str!2str\" width=\"600\" height=\"450\" style=\"border:0;\" allowfullscreen=\"\" loading=\"lazy\" referrerpolicy=\"no-referrer-when-downgrade\"><\/iframe>\n\n\n<div class=\"wp-block-group has-global-padding is-layout-constrained wp-block-group-is-layout-constrained\">\n<p>Toros Mah. 78192 Sk. Turgut \u00d6zal Bul. Ramazano\u011flu Camii Alt\u0131  \u00c7ukurova\/ADANA<\/p>\n\n\n\n<p>0322 232 33 44<\/p>\n\n\n\n<p>dogalparkasm@hotmail.com<\/p>\n<\/div>\n","protected":false},"excerpt":{"rendered":"<p>Toros Mah. 78192 Sk. Turgut \u00d6zal Bul. Ramazano\u011flu Camii Alt\u0131 \u00c7ukurova\/ADANA 0322 232 33 44 dogalparkasm@hotmail.com<\/p>\n","protected":false},"author":1,"featured_media":0,"parent":0,"menu_order":0,"comment_status":"closed","ping_status":"closed","template":"","meta":{"footnotes":""},"_links":{"self":[{"href":"https:\/\/www.adanadogalparkasm.com.tr\/index.php?rest_route=\/wp\/v2\/pages\/69"}],"collection":[{"href":"https:\/\/www.adanadogalparkasm.com.tr\/index.php?rest_route=\/wp\/v2\/pages"}],"about":[{"href":"https:\/\/www.adanadogalparkasm.com.tr\/index.php?rest_route=\/wp\/v2\/types\/page"}],"author":[{"embeddable":true,"href":"https:\/\/www.adanadogalparkasm.com.tr\/index.php?rest_route=\/wp\/v2\/users\/1"}],"replies":[{"embeddable":true,"href":"https:\/\/www.adanadogalparkasm.com.tr\/index.php?rest_route=%2Fwp%2Fv2%2Fcomments&post=69"}],"version-history":[{"count":2,"href":"https:\/\/www.adanadogalparkasm.com.tr\/index.php?rest_route=\/wp\/v2\/pages\/69\/revisions"}],"predecessor-version":[{"id":95,"href":"https:\/\/www.adanadogalparkasm.com.tr\/index.php?rest_route=\/wp\/v2\/pages\/69\/revisions\/95"}],"wp:attachment":[{"href":"https:\/\/www.adanadogalparkasm.com.tr\/index.php?rest_route=%2Fwp%2Fv2%2Fmedia&parent=69"}],"curies":[{"name":"wp","href":"https:\/\/api.w.org\/{rel}","templated":true}]}}